{"id":162,"date":"2019-03-13T06:41:09","date_gmt":"2019-03-13T06:41:09","guid":{"rendered":"http:\/\/localhost\/buildbench\/?page_id=162"},"modified":"2022-03-28T11:35:39","modified_gmt":"2022-03-28T08:35:39","slug":"hakkimizda","status":"publish","type":"page","link":"https:\/\/ondermetal.com\/index.php\/hakkimizda\/","title":{"rendered":"Hakk\u0131m\u0131zda"},"content":{"rendered":"\t\t<div data-elementor-type=\"wp-post\" data-elementor-id=\"162\" class=\"elementor elementor-162\" data-elementor-settings=\"[]\">\n\t\t\t\t\t\t\t<div class=\"elementor-section-wrap\">\n\t\t\t\t\t\t\t<section class=\"elementor-section elementor-top-section elementor-element elementor-element-d89861c elementor-section-boxed elementor-section-height-default elementor-section-height-default\" data-id=\"d89861c\" data-element_type=\"section\">\n\t\t\t\t\t\t<div class=\"elementor-container elementor-column-gap-default\">\n\t\t\t\t\t<div class=\"elementor-column elementor-col-50 elementor-top-column elementor-element elementor-element-d6ac4d7\" data-id=\"d6ac4d7\" data-element_type=\"column\">\n\t\t\t<div class=\"elementor-widget-wrap elementor-element-populated\">\n\t\t\t\t\t\t\t\t<div class=\"elementor-element elementor-element-337b655 elementor-widget elementor-widget-buildbench-title\" data-id=\"337b655\" data-element_type=\"widget\" data-widget_type=\"buildbench-title.default\">\n\t\t\t\t<div class=\"elementor-widget-container\">\n\t\t\t         <div class=\"section-heading-content\">\n            <h2 class=\"section-title\">\n                <span class=\"sub-title\">Hakk\u0131m\u0131zda<\/span>\n                 Geli\u015fen Teknolojileri Yak\u0131ndan Takip Ederek Kaliteli \u00dcr\u00fcnler \u00dcretiyoruz.                             <\/h2>\n         <\/div><!-- Section title -->\t\t\n\n     \n    \t\t<\/div>\n\t\t\t\t<\/div>\n\t\t\t\t<div class=\"elementor-element elementor-element-8c94a76 elementor-widget elementor-widget-heading\" data-id=\"8c94a76\" data-element_type=\"widget\" data-widget_type=\"heading.default\">\n\t\t\t\t<div class=\"elementor-widget-container\">\n\t\t\t<h3 class=\"elementor-heading-title elementor-size-default\">30 Y\u0131l\u0131 A\u015fk\u0131n Tecr\u00fcbemizle Daima Yan\u0131n\u0131zday\u0131z<\/h3>\t\t<\/div>\n\t\t\t\t<\/div>\n\t\t\t\t<div class=\"elementor-element elementor-element-ee997aa elementor-widget elementor-widget-text-editor\" data-id=\"ee997aa\" data-element_type=\"widget\" data-widget_type=\"text-editor.default\">\n\t\t\t\t<div class=\"elementor-widget-container\">\n\t\t\t\t\t<div class=\"elementor-text-editor elementor-clearfix\"><p>H\u0131zla geli\u015fen teknoloji ile mobilya sekt\u00f6r\u00fcde yeni modern \u00e7a\u011f\u0131n\u0131n en l\u00fcks d\u00f6nemini ya\u015famaktad\u0131r. Bizlerde \u00d6nder Metal ailesi olarak bu teknolojiye ayak uydurarak en iyi \u00fcr\u00fcnleri sizlerin hizmetine sunmay\u0131 kendimize prensip edindik ve bu do\u011frultuda 7\/24 \u00e7al\u0131\u015fmaktan asla vazge\u00e7meyece\u011fiz.<\/p><\/div>\n\t\t\t\t<\/div>\n\t\t\t\t<\/div>\n\t\t\t\t<section class=\"elementor-section elementor-inner-section elementor-element elementor-element-5ce0e46 elementor-section-boxed elementor-section-height-default elementor-section-height-default\" data-id=\"5ce0e46\" data-element_type=\"section\">\n\t\t\t\t\t\t<div class=\"elementor-container elementor-column-gap-default\">\n\t\t\t\t\t<div class=\"elementor-column elementor-col-50 elementor-inner-column elementor-element elementor-element-b87b157\" data-id=\"b87b157\" data-element_type=\"column\">\n\t\t\t<div class=\"elementor-widget-wrap elementor-element-populated\">\n\t\t\t\t\t\t\t\t<div class=\"elementor-element elementor-element-fd1e536 elementor-align-left elementor-widget elementor-widget-button\" data-id=\"fd1e536\" data-element_type=\"widget\" data-widget_type=\"button.default\">\n\t\t\t\t<div class=\"elementor-widget-container\">\n\t\t\t\t\t<div class=\"elementor-button-wrapper\">\n\t\t\t<a href=\"#\" class=\"elementor-button-link elementor-button elementor-size-md\" role=\"button\">\n\t\t\t\t\t\t<span class=\"elementor-button-content-wrapper\">\n\t\t\t\t\t\t<span class=\"elementor-button-icon elementor-align-icon-right\">\n\t\t\t\t<i aria-hidden=\"true\" class=\"fasicon icon-arrow-right\"><\/i>\t\t\t<\/span>\n\t\t\t\t\t\t<span class=\"elementor-button-text\">\u00dcr\u00fcnlerimiz<\/span>\n\t\t<\/span>\n\t\t\t\t\t<\/a>\n\t\t<\/div>\n\t\t\t\t<\/div>\n\t\t\t\t<\/div>\n\t\t\t\t\t<\/div>\n\t\t<\/div>\n\t\t\t\t<div class=\"elementor-column elementor-col-50 elementor-inner-column elementor-element elementor-element-a281988\" data-id=\"a281988\" data-element_type=\"column\">\n\t\t\t<div class=\"elementor-widget-wrap elementor-element-populated\">\n\t\t\t\t\t\t\t\t<div class=\"elementor-element elementor-element-0dec521 elementor-align-left elementor-widget elementor-widget-button\" data-id=\"0dec521\" data-element_type=\"widget\" data-widget_type=\"button.default\">\n\t\t\t\t<div class=\"elementor-widget-container\">\n\t\t\t\t\t<div class=\"elementor-button-wrapper\">\n\t\t\t<a href=\"#\" class=\"elementor-button-link elementor-button elementor-size-md\" role=\"button\">\n\t\t\t\t\t\t<span class=\"elementor-button-content-wrapper\">\n\t\t\t\t\t\t<span class=\"elementor-button-icon elementor-align-icon-right\">\n\t\t\t\t<i aria-hidden=\"true\" class=\"fasicon icon-arrow-right\"><\/i>\t\t\t<\/span>\n\t\t\t\t\t\t<span class=\"elementor-button-text\">\u0130leti\u015fim<\/span>\n\t\t<\/span>\n\t\t\t\t\t<\/a>\n\t\t<\/div>\n\t\t\t\t<\/div>\n\t\t\t\t<\/div>\n\t\t\t\t\t<\/div>\n\t\t<\/div>\n\t\t\t\t\t\t\t<\/div>\n\t\t<\/section>\n\t\t\t\t\t<\/div>\n\t\t<\/div>\n\t\t\t\t<div class=\"elementor-column elementor-col-50 elementor-top-column elementor-element elementor-element-efed08e\" data-id=\"efed08e\" data-element_type=\"column\">\n\t\t\t<div class=\"elementor-widget-wrap elementor-element-populated\">\n\t\t\t\t\t\t\t\t<div class=\"elementor-element elementor-element-f63780c elementor-widget elementor-widget-image\" data-id=\"f63780c\" data-element_type=\"widget\" data-widget_type=\"image.default\">\n\t\t\t\t<div class=\"elementor-widget-container\">\n\t\t\t\t\t<div class=\"elementor-image\">\n\t\t\t\t\t\t\t\t\t\t<img loading=\"lazy\" decoding=\"async\" width=\"800\" height=\"413\" src=\"https:\/\/ondermetal.com\/wp-content\/uploads\/2022\/03\/onder-1024x529.png\" class=\"attachment-large size-large\" alt=\"\" srcset=\"https:\/\/ondermetal.com\/wp-content\/uploads\/2022\/03\/onder-1024x529.png 1024w, https:\/\/ondermetal.com\/wp-content\/uploads\/2022\/03\/onder-300x155.png 300w, https:\/\/ondermetal.com\/wp-content\/uploads\/2022\/03\/onder-768x397.png 768w, https:\/\/ondermetal.com\/wp-content\/uploads\/2022\/03\/onder.png 1278w\" sizes=\"auto, (max-width: 800px) 100vw, 800px\" \/>\t\t\t\t\t\t\t\t\t\t\t<\/div>\n\t\t\t\t<\/div>\n\t\t\t\t<\/div>\n\t\t\t\t\t<\/div>\n\t\t<\/div>\n\t\t\t\t\t\t\t<\/div>\n\t\t<\/section>\n\t\t\t\t\t\t<\/div>\n\t\t\t\t\t<\/div>\n\t\t","protected":false},"excerpt":{"rendered":"<p>Hakk\u0131m\u0131zda Geli\u015fen Teknolojileri Yak\u0131ndan Takip Ederek Kaliteli \u00dcr\u00fcnler \u00dcretiyoruz. 30 Y\u0131l\u0131 A\u015fk\u0131n Tecr\u00fcbemizle Daima Yan\u0131n\u0131zday\u0131z H\u0131zla geli\u015fen teknoloji ile mobilya sekt\u00f6r\u00fcde yeni modern \u00e7a\u011f\u0131n\u0131n en l\u00fcks d\u00f6nemini ya\u015famaktad\u0131r. Bizlerde \u00d6nder Metal ailesi olarak bu teknolojiye ayak uydurarak en iyi \u00fcr\u00fcnleri sizlerin hizmetine sunmay\u0131 kendimize prensip edindik ve bu do\u011frultuda 7\/24 \u00e7al\u0131\u015fmaktan asla vazge\u00e7meyece\u011fiz. \u00dcr\u00fcnlerimiz \u0130leti\u015fim<\/p>\n","protected":false},"author":1,"featured_media":2447,"parent":0,"menu_order":0,"comment_status":"closed","ping_status":"closed","template":"template\/full-width-template.php","meta":{"footnotes":""},"class_list":["post-162","page","type-page","status-publish","has-post-thumbnail","hentry"],"_links":{"self":[{"href":"https:\/\/ondermetal.com\/index.php\/wp-json\/wp\/v2\/pages\/162","targetHints":{"allow":["GET"]}}],"collection":[{"href":"https:\/\/ondermetal.com\/index.php\/wp-json\/wp\/v2\/pages"}],"about":[{"href":"https:\/\/ondermetal.com\/index.php\/wp-json\/wp\/v2\/types\/page"}],"author":[{"embeddable":true,"href":"https:\/\/ondermetal.com\/index.php\/wp-json\/wp\/v2\/users\/1"}],"replies":[{"embeddable":true,"href":"https:\/\/ondermetal.com\/index.php\/wp-json\/wp\/v2\/comments?post=162"}],"version-history":[{"count":5,"href":"https:\/\/ondermetal.com\/index.php\/wp-json\/wp\/v2\/pages\/162\/revisions"}],"predecessor-version":[{"id":2501,"href":"https:\/\/ondermetal.com\/index.php\/wp-json\/wp\/v2\/pages\/162\/revisions\/2501"}],"wp:featuredmedia":[{"embeddable":true,"href":"https:\/\/ondermetal.com\/index.php\/wp-json\/wp\/v2\/media\/2447"}],"wp:attachment":[{"href":"https:\/\/ondermetal.com\/index.php\/wp-json\/wp\/v2\/media?parent=162"}],"curies":[{"name":"wp","href":"https:\/\/api.w.org\/{rel}","templated":true}]}}